{"id":1387,"date":"2021-01-06T21:52:49","date_gmt":"2021-01-06T21:52:49","guid":{"rendered":"https:\/\/smart-living.si\/?page_id=1387"},"modified":"2021-01-06T23:32:54","modified_gmt":"2021-01-06T23:32:54","slug":"reference","status":"publish","type":"page","link":"https:\/\/smart-living.si\/en\/reference\/","title":{"rendered":"Reference"},"content":{"rendered":"<div data-colibri-id=\"1387-c1\" class=\"style-1007 style-local-1387-c1 position-relative\">\n  <!---->\n  <div data-colibri-component=\"section\" data-colibri-id=\"1387-c2\" id=\"content\" class=\"h-section h-section-global-spacing d-flex align-items-lg-center align-items-md-center align-items-center style-1008 style-local-1387-c2 h-overflow-hidden position-relative\">\n    <!---->\n    <!---->\n    <div class=\"h-section-grid-container h-section-fluid-container\">\n      <!---->\n      <div data-colibri-id=\"1387-c3\" class=\"h-row-container gutters-row-lg-0 gutters-row-md-0 gutters-row-2 gutters-row-v-lg-0 gutters-row-v-md-0 gutters-row-v-2 style-1009 style-local-1387-c3 position-relative\">\n        <!---->\n        <div class=\"h-row justify-content-lg-center justify-content-md-center justify-content-center align-items-lg-stretch align-items-md-stretch align-items-stretch gutters-col-lg-0 gutters-col-md-0 gutters-col-2 gutters-col-v-lg-0 gutters-col-v-md-0 gutters-col-v-2\">\n          <!---->\n          <div class=\"h-column h-column-container d-flex h-col-lg-auto h-col-md-auto h-col-auto style-1010-outer style-local-1387-c4-outer\">\n            <div data-colibri-id=\"1387-c4\" class=\"d-flex h-flex-basis h-column__inner h-ui-empty-state-container h-px-lg-0 h-px-md-0 h-px-0 v-inner-lg-0 v-inner-md-0 v-inner-0 style-1010 style-local-1387-c4 position-relative\">\n              <!---->\n              <!---->\n              <div class=\"w-100 h-y-container h-column__content h-column__v-align flex-basis-100\">\n                <!---->\n              <\/div>\n            <\/div>\n          <\/div>\n          <div class=\"h-column h-column-container d-flex h-col-lg-auto h-col-md-auto h-col-auto style-1011-outer style-local-1387-c5-outer\">\n            <div data-colibri-id=\"1387-c5\" class=\"d-flex h-flex-basis h-column__inner h-px-lg-0 h-px-md-0 h-px-0 v-inner-lg-0 v-inner-md-0 v-inner-0 style-1011 style-local-1387-c5 position-relative\">\n              <!---->\n              <!---->\n              <div class=\"w-100 h-y-container h-column__content h-column__v-align flex-basis-100 align-self-lg-start align-self-md-start align-self-start\">\n                <!---->\n                <div data-colibri-id=\"1387-c6\" class=\"h-global-transition-all h-heading style-1012 style-local-1387-c6 position-relative h-element\">\n                  <!---->\n                  <div class=\"h-heading__outer style-1012 style-local-1387-c6\">\n                    <!---->\n                    <!---->\n                    <h4 class=\"\">ENOSTANOVANJSKI OBJEKT &#8211; DRU\u017dINSKA HI\u0160A<\/h4>\n                  <\/div>\n                <\/div>\n                <div data-colibri-id=\"1387-c7\" class=\"h-global-transition-all h-heading style-1013 style-local-1387-c7 position-relative h-element\">\n                  <!---->\n                  <div class=\"h-heading__outer style-1013 style-local-1387-c7\">\n                    <!---->\n                    <!---->\n                    <h2 class=\"\">Enostanovanjski objekt z minimalnim EM sevanjem<\/h2>\n                  <\/div>\n                <\/div>\n                <div data-colibri-id=\"1387-c8\" class=\"h-text h-text-component style-1014 style-local-1387-c8 position-relative h-element\">\n                  <!---->\n                  <!---->\n                  <div class=\"\">\n                    <p>Hi\u0161a ima izvedeno inteligentno instalacijo, centralno krmiljenje lu\u010di, \u017ealuzij, ogrevalnih krogov<\/p>\n                  <\/div>\n                <\/div>\n                <div data-colibri-id=\"1387-c9\" class=\"h-row-container gutters-row-lg-2 gutters-row-md-2 gutters-row-0 gutters-row-v-lg-2 gutters-row-v-md-2 gutters-row-v-0 style-1015 style-local-1387-c9 position-relative\">\n                  <!---->\n                  <div class=\"h-row justify-content-lg-center justify-content-md-center justify-content-center align-items-lg-stretch align-items-md-stretch align-items-stretch gutters-col-lg-2 gutters-col-md-2 gutters-col-0 gutters-col-v-lg-2 gutters-col-v-md-2 gutters-col-v-0\">\n                    <!---->\n                    <div class=\"h-column h-column-container d-flex h-col-lg-6 h-col-md-6 h-col-6 style-1016-outer style-local-1387-c10-outer\">\n                      <div data-colibri-id=\"1387-c10\" class=\"d-flex h-flex-basis h-column__inner h-px-lg-0 h-px-md-0 h-px-2 v-inner-lg-0 v-inner-md-0 v-inner-2 style-1016 style-local-1387-c10 position-relative\">\n                        <!---->\n                        <!---->\n                        <div class=\"w-100 h-y-container h-column__content h-column__v-align flex-basis-100 align-self-lg-start align-self-md-start align-self-start\">\n                          <!---->\n                          <div data-colibri-id=\"1387-c11\" class=\"h-global-transition-all h-heading style-1017 style-local-1387-c11 position-relative h-element\">\n                            <!---->\n                            <div class=\"h-heading__outer style-1017 style-local-1387-c11\">\n                              <!---->\n                              <!---->\n                              <h5 class=\"\">KRMILJENJE RAZSVETLJAVE<\/h5>\n                            <\/div>\n                          <\/div>\n                          <div data-colibri-id=\"1387-c12\" class=\"h-text h-text-component style-1018 style-local-1387-c12 position-relative h-element\">\n                            <!---->\n                            <!---->\n                            <div class=\"\">\n                              <p>Tokokrogi za razsvetljavo se krmilijo centralno, to ponuja mo\u017enost vklopa lu\u010di po posameznih tokokrogih ali pa po skupinah. <span style=\"font-weight: 400; font-size: 16px; font-family: &quot;Open Sans&quot;; color: rgb(70, 112, 127);\">Centralno krmiljenje ponuja tudi mo\u017enost<\/span>&nbsp;simulacije\n                                prisotnosti kadar v objektu ni nikogar.<\/p>\n                            <\/div>\n                          <\/div>\n                        <\/div>\n                      <\/div>\n                    <\/div>\n                    <div class=\"h-column h-column-container d-flex h-col-lg-6 h-col-md-6 h-col-6 style-1016-outer style-local-1387-c13-outer\">\n                      <div data-colibri-id=\"1387-c13\" class=\"d-flex h-flex-basis h-column__inner h-px-lg-0 h-px-md-0 h-px-2 v-inner-lg-0 v-inner-md-0 v-inner-2 style-1016 style-local-1387-c13 position-relative\">\n                        <!---->\n                        <!---->\n                        <div class=\"w-100 h-y-container h-column__content h-column__v-align flex-basis-100 align-self-lg-start align-self-md-start align-self-start\">\n                          <!---->\n                          <div data-colibri-id=\"1387-c14\" class=\"h-global-transition-all h-heading style-1017 style-local-1387-c14 position-relative h-element\">\n                            <!---->\n                            <div class=\"h-heading__outer style-1017 style-local-1387-c14\">\n                              <!---->\n                              <!---->\n                              <h5 class=\"\">KRMILJENJE \u017dALUZIJ<\/h5>\n                            <\/div>\n                          <\/div>\n                          <div data-colibri-id=\"1387-c15\" class=\"h-text h-text-component style-1018 style-local-1387-c15 position-relative h-element\">\n                            <!---->\n                            <!---->\n                            <div class=\"\">\n                              <p><span style=\"font-weight: 400; font-size: 16px; font-family: &quot;Open Sans&quot;; color: rgb(70, 112, 127);\">Tokokrogi za krmilijenje \u017ealuzij se vklapljajo centralno, to ponuja mo\u017enost nastavitve \u017ealuzij po posameznih prostorih posami\u010dno ali pa po skupinah. Centralno krmiljenje ponuja tudi mo\u017enost simulacije prisotnosti kadar v objektu ni nikogar.<\/span><\/p>\n                            <\/div>\n                          <\/div>\n                        <\/div>\n                      <\/div>\n                    <\/div>\n                    <div class=\"h-column h-column-container d-flex h-col-lg-6 h-col-md-6 h-col-6 style-1016-outer style-local-1387-c16-outer\">\n                      <div data-colibri-id=\"1387-c16\" class=\"d-flex h-flex-basis h-column__inner h-px-lg-0 h-px-md-0 h-px-2 v-inner-lg-0 v-inner-md-0 v-inner-2 style-1016 style-local-1387-c16 position-relative\">\n                        <!---->\n                        <!---->\n                        <div class=\"w-100 h-y-container h-column__content h-column__v-align flex-basis-100 align-self-lg-start align-self-md-start align-self-start\">\n                          <!---->\n                          <div data-colibri-id=\"1387-c17\" class=\"h-global-transition-all h-heading style-1017 style-local-1387-c17 position-relative h-element\">\n                            <!---->\n                            <div class=\"h-heading__outer style-1017 style-local-1387-c17\">\n                              <!---->\n                              <!---->\n                              <h5 class=\"\">KRMILJENJE OGREVALNIH KROGOV<\/h5>\n                            <\/div>\n                          <\/div>\n                          <div data-colibri-id=\"1387-c18\" class=\"h-text h-text-component style-1018 style-local-1387-c18 position-relative h-element\">\n                            <!---->\n                            <!---->\n                            <div class=\"\">\n                              <p>Senzorji po prostorih javljajo centralnemu krmilniku temperaturo po prostorih, na poglagi katere krmilnik samostojno ra\u010duna potrebno odpiranje ogrevalnih krogov za dosego optimalne temperature po objektu.<\/p>\n                            <\/div>\n                          <\/div>\n                        <\/div>\n                      <\/div>\n                    <\/div>\n                    <div class=\"h-column h-column-container d-flex h-col-lg-6 h-col-md-6 h-col-6 style-1016-outer style-local-1387-c19-outer\">\n                      <div data-colibri-id=\"1387-c19\" class=\"d-flex h-flex-basis h-column__inner h-px-lg-0 h-px-md-0 h-px-2 v-inner-lg-0 v-inner-md-0 v-inner-2 style-1016 style-local-1387-c19 position-relative\">\n                        <!---->\n                        <!---->\n                        <div class=\"w-100 h-y-container h-column__content h-column__v-align flex-basis-100 align-self-lg-start align-self-md-start align-self-start\">\n                          <!---->\n                          <div data-colibri-id=\"1387-c20\" class=\"h-global-transition-all h-heading style-1017 style-local-1387-c20 position-relative h-element\">\n                            <!---->\n                            <div class=\"h-heading__outer style-1017 style-local-1387-c20\">\n                              <!---->\n                              <!---->\n                              <h5 class=\"\">DETEKCIJA ODPRTOSTI STAVBNEGA POHI\u0160TVA<\/h5>\n                            <\/div>\n                          <\/div>\n                          <div data-colibri-id=\"1387-c21\" class=\"h-text h-text-component style-1018 style-local-1387-c21 position-relative h-element\">\n                            <!---->\n                            <!---->\n                            <div class=\"\">\n                              <p><span style=\"font-weight: 400; font-size: 16px; font-family: &quot;Open Sans&quot;; color: rgb(70, 112, 127);\">Krmilnik s pomo\u010djo magnetov zaznava odprtost posameznih elementov stavbnega pohi\u0161tva (oken\/vrat) in posledi\u010dno opozarja uporabnika, katero stavbno pohi\u0161tvo je potrebno zapreti, preden se lahko alarm aktivira.<\/span><\/p>\n                            <\/div>\n                          <\/div>\n                        <\/div>\n                      <\/div>\n                    <\/div>\n                    <div class=\"h-column h-column-container d-flex h-col-lg-6 h-col-md-6 h-col-6 style-1019-outer style-local-1387-c22-outer\">\n                      <div data-colibri-id=\"1387-c22\" class=\"d-flex h-flex-basis h-column__inner h-px-lg-0 h-px-md-0 h-px-0 v-inner-lg-0 v-inner-md-0 v-inner-0 style-1019 style-local-1387-c22 position-relative\">\n                        <!---->\n                        <!---->\n                        <div class=\"w-100 h-y-container h-column__content h-column__v-align flex-basis-100 align-self-lg-start align-self-md-start align-self-start\">\n                          <!---->\n                          <div data-colibri-id=\"1387-c23\" class=\"h-global-transition-all h-heading style-1023 style-local-1387-c23 position-relative h-element\">\n                            <!---->\n                            <div class=\"h-heading__outer style-1023 style-local-1387-c23\">\n                              <!---->\n                              <!---->\n                              <h5 class=\"\">DETEKCIJA PRISOTNOSTI \/ ALARMIRANJE<\/h5>\n                            <\/div>\n                          <\/div>\n                          <div data-colibri-id=\"1387-c24\" class=\"h-text h-text-component style-1022 style-local-1387-c24 position-relative h-element\">\n                            <!---->\n                            <!---->\n                            <div class=\"\">\n                              <p><span style=\"font-weight: 400; font-size: 16px; font-family: &quot;Open Sans&quot;; color: rgb(70, 112, 127);\">Senzorji prisotnosti javljajo krmilniku v katerih prostorih se nahajajo osebe, in kateri prostori so prazni. Informacija krmilniku omogo\u010da var\u010devanje z energijo, saj samodejni izklop posami\u010dnih tokokrogov porabnikov ali razsvetljave, kadar se v prostoru ne nahaja nih\u010de. Ko v objektu ni oseb, ti senzorji delujejo v na\u010dinu alarmiranja, saj so posledi\u010dno na ta na\u010din vsi prostori varovani, in lahko krmilnik v primeru nepoobla\u0161\u010denega vstopa spro\u017ei alarm.<\/span><\/p>\n                            <\/div>\n                          <\/div>\n                        <\/div>\n                      <\/div>\n                    <\/div>\n                    <div class=\"h-column h-column-container d-flex h-col-lg-6 h-col-md-6 h-col-6 style-1020-outer style-local-1387-c25-outer\">\n                      <div data-colibri-id=\"1387-c25\" class=\"d-flex h-flex-basis h-column__inner h-px-lg-0 h-px-md-0 h-px-0 v-inner-lg-0 v-inner-md-0 v-inner-0 style-1020 style-local-1387-c25 position-relative\">\n                        <!---->\n                        <!---->\n                        <div class=\"w-100 h-y-container h-column__content h-column__v-align flex-basis-100 align-self-lg-start align-self-md-start align-self-start\">\n                          <!---->\n                          <div data-colibri-id=\"1387-c26\" class=\"h-global-transition-all h-heading style-1025 style-local-1387-c26 position-relative h-element\">\n                            <!---->\n                            <div class=\"h-heading__outer style-1025 style-local-1387-c26\">\n                              <!---->\n                              <!---->\n                              <h5 class=\"\">GLAVNE PREDNOSTI PAMETNE HI\u0160E<\/h5>\n                            <\/div>\n                          <\/div>\n                          <div data-colibri-id=\"1387-c27\" class=\"h-text h-text-component style-1024 style-local-1387-c27 position-relative h-element\">\n                            <!---->\n                            <!---->\n                            <div class=\"\">\n                              <ul>\n                                <li>ni omejitev pri dodajanju funkcionalnosti<\/li>\n                                <li>ker se vsi tokokrogi krmilijo centralno, je vrednost EM sevanja same instalacije po hi\u0161i minimalna, ker se elektri\u010dna energija dovaja samo v aktivne porabnike<\/li>\n                                <li>mo\u017enost integracije vremenske postaje, ki omogo\u010da varovanje \u017ealuzij v primeru mo\u010dnega vetra ali mo\u010dnih padavin, ter avtomatskega zapiranja oken, \u010de le ta vsebujejo elektri\u010dni pogon<\/li>\n                                <li>mo\u017enost integracije video domofona v sistem<\/li>\n                                <li>mo\u017enost daljinskega krmiljenja posameznih tokokrogov preko pametnega telefona<\/li>\n                                <li>mo\u017enost integracije videonadzornega sistema in spremljanje dogajanja na kamerah vklju\u010denih v sistem<\/li>\n                              <\/ul>\n                            <\/div>\n                          <\/div>\n                        <\/div>\n                      <\/div>\n                    <\/div>\n                  <\/div>\n                <\/div>\n              <\/div>\n            <\/div>\n          <\/div>\n        <\/div>\n      <\/div>\n    <\/div>\n  <\/div>\n<\/div>","protected":false},"excerpt":{"rendered":"<p>ENOSTANOVANJSKI OBJEKT &#8211; DRU\u017dINSKA HI\u0160A Enostanovanjski objekt z minimalnim EM sevanjem Hi\u0161a ima izvedeno inteligentno instalacijo, centralno krmiljenje lu\u010di, \u017ealuzij, ogrevalnih krogov KRMILJENJE RAZSVETLJAVE Tokokrogi za razsvetljavo se krmilijo centralno, to ponuja mo\u017enost vklopa lu\u010di po posameznih tokokrogih ali pa po skupinah. Centralno krmiljenje ponuja tudi mo\u017enost&nbsp;simulacije prisotnosti kadar v objektu ni nikogar. KRMILJENJE \u017dALUZIJ [&hellip;]<\/p>\n","protected":false},"author":1,"featured_media":0,"parent":0,"menu_order":0,"comment_status":"closed","ping_status":"closed","template":"page-templates\/full-width-page.php","meta":{"footnotes":""},"class_list":["post-1387","page","type-page","status-publish","hentry"],"_links":{"self":[{"href":"https:\/\/smart-living.si\/en\/wp-json\/wp\/v2\/pages\/1387","targetHints":{"allow":["GET"]}}],"collection":[{"href":"https:\/\/smart-living.si\/en\/wp-json\/wp\/v2\/pages"}],"about":[{"href":"https:\/\/smart-living.si\/en\/wp-json\/wp\/v2\/types\/page"}],"author":[{"embeddable":true,"href":"https:\/\/smart-living.si\/en\/wp-json\/wp\/v2\/users\/1"}],"replies":[{"embeddable":true,"href":"https:\/\/smart-living.si\/en\/wp-json\/wp\/v2\/comments?post=1387"}],"version-history":[{"count":5,"href":"https:\/\/smart-living.si\/en\/wp-json\/wp\/v2\/pages\/1387\/revisions"}],"predecessor-version":[{"id":1490,"href":"https:\/\/smart-living.si\/en\/wp-json\/wp\/v2\/pages\/1387\/revisions\/1490"}],"wp:attachment":[{"href":"https:\/\/smart-living.si\/en\/wp-json\/wp\/v2\/media?parent=1387"}],"curies":[{"name":"wp","href":"https:\/\/api.w.org\/{rel}","templated":true}]}}