{"id":1030,"date":"2019-03-06T11:56:40","date_gmt":"2019-03-06T11:56:40","guid":{"rendered":"https:\/\/colibriwp-work.colibriwp.com\/business-ii\/colibri-wp\/"},"modified":"2023-03-22T14:41:33","modified_gmt":"2023-03-22T14:41:33","slug":"colibri-wp","status":"publish","type":"page","link":"https:\/\/smart-living.si\/en\/","title":{"rendered":"Front Page"},"content":{"rendered":"<div data-colibri-id=\"1030-c1\" class=\"style-395 style-local-1030-c1 position-relative\">\r\n  <!---->\r\n  <div data-colibri-component=\"section\" data-colibri-id=\"1030-c2\" id=\"custom\" class=\"h-section h-section-global-spacing d-flex align-items-lg-center align-items-md-center align-items-center style-411 style-local-1030-c2 position-relative\">\r\n    <!---->\r\n    <!---->\r\n    <div class=\"h-section-grid-container h-section-boxed-container\">\r\n      <!---->\r\n      <div data-colibri-id=\"1030-c3\" class=\"h-row-container gutters-row-lg-2 gutters-row-md-2 gutters-row-0 gutters-row-v-lg-2 gutters-row-v-md-2 gutters-row-v-2 style-412 style-local-1030-c3 position-relative\">\r\n        <!---->\r\n        <div class=\"h-row justify-content-lg-center justify-content-md-center justify-content-center align-items-lg-stretch align-items-md-stretch align-items-stretch gutters-col-lg-2 gutters-col-md-2 gutters-col-0 gutters-col-v-lg-2 gutters-col-v-md-2 gutters-col-v-2\">\r\n          <!---->\r\n          <div class=\"h-column h-column-container d-flex h-col-lg-auto h-col-md-auto h-col-auto style-413-outer style-local-1030-c4-outer\">\r\n            <div data-colibri-id=\"1030-c4\" class=\"d-flex h-flex-basis h-column__inner h-px-lg-2 h-px-md-2 h-px-2 v-inner-lg-2 v-inner-md-2 v-inner-2 style-413 style-local-1030-c4 position-relative\">\r\n              <!---->\r\n              <!---->\r\n              <div class=\"w-100 h-y-container h-column__content h-column__v-align flex-basis-100 align-self-lg-center align-self-md-center align-self-center\">\r\n                <!---->\r\n                <div data-colibri-id=\"1030-c5\" class=\"h-global-transition-all h-heading style-415 style-local-1030-c5 position-relative h-element\">\r\n                  <!---->\r\n                  <div class=\"h-heading__outer style-415 style-local-1030-c5\">\r\n                    <!---->\r\n                    <!---->\r\n                    <h5 class=\"\">KDO SMO?<\/h5>\r\n                  <\/div>\r\n                <\/div>\r\n                <div data-colibri-id=\"1030-c6\" class=\"h-global-transition-all h-heading style-416 style-local-1030-c6 position-relative h-element\">\r\n                  <!---->\r\n                  <div class=\"h-heading__outer style-416 style-local-1030-c6\">\r\n                    <!---->\r\n                    <!---->\r\n                    <h2 class=\"\">podjetje z ve\u010dletno tradicijo in ekipo izku\u0161enih ter visoko usposobljenih strokovnjakov<\/h2>\r\n                  <\/div>\r\n                <\/div>\r\n                <div data-colibri-id=\"1030-c7\" class=\"h-text h-text-component style-417 style-local-1030-c7 position-relative h-element\">\r\n                  <!---->\r\n                  <!---->\r\n                  <div class=\"\">\r\n                    <p>z ve\u010dletnimi izku\u0161njami s podro\u010dja projektive, izvedbe in nadzora elektroinstalacij na zahtevnih objektih<\/p>\r\n                  <\/div>\r\n                <\/div>\r\n                <div data-colibri-id=\"1030-c8\" class=\"h-x-container style-418 style-local-1030-c8 position-relative h-element\">\r\n                  <!---->\r\n                  <div class=\"h-x-container-inner style-dynamic-1030-c8-group style-418-spacing style-local-1030-c8-spacing\"><span class=\"h-button__outer style-419-outer style-local-1030-c9-outer d-inline-flex h-element\"><a h-use-smooth-scroll=\"true\" href=\"https:\/\/smart-living.si\/en\/contact\/\"  data-colibri-id=\"1030-c9\" class=\"d-flex w-100 align-items-center h-button justify-content-lg-center justify-content-md-center justify-content-center style-419 style-local-1030-c9 position-relative\"><!----><!----> <span>KONTAKT<\/span><\/a>\r\n                    <\/span>\r\n                  <\/div>\r\n                <\/div>\r\n              <\/div>\r\n            <\/div>\r\n          <\/div>\r\n          <div class=\"h-column h-column-container d-flex h-col-lg-auto h-col-md-auto h-col-auto style-414-outer style-local-1030-c10-outer\">\r\n            <div data-colibri-id=\"1030-c10\" class=\"d-flex h-flex-basis h-column__inner h-px-lg-2 h-px-md-2 h-px-2 v-inner-lg-2 v-inner-md-2 v-inner-2 style-414 style-local-1030-c10 position-relative\">\r\n              <!---->\r\n              <!---->\r\n              <div class=\"w-100 h-y-container h-column__content h-column__v-align flex-basis-100 align-self-lg-center align-self-md-center align-self-center\">\r\n                <!---->\r\n                <div data-colibri-id=\"1030-c11\" class=\"d-block style-420 style-local-1030-c11 position-relative h-element\">\r\n                  <!---->\r\n                  <div class=\"h-image__frame-container-outer\">\r\n                    <div class=\"h-image__frame-container\">\r\n                      <!---->\r\n                      <!---->\r\n                      <img loading=\"lazy\" decoding=\"async\" width=\"800\" height=\"480\" src=\"https:\/\/smart-living.si\/wp-content\/uploads\/2021\/01\/cropped-01_prva_stran_02_kdo_smo_800x480.jpg\" class=\"wp-image-1259 style-420-image style-local-1030-c11-image\" alt=\"\" srcset=\"https:\/\/smart-living.si\/wp-content\/uploads\/2021\/01\/cropped-01_prva_stran_02_kdo_smo_800x480.jpg 800w, https:\/\/smart-living.si\/wp-content\/uploads\/2021\/01\/cropped-01_prva_stran_02_kdo_smo_800x480-300x180.jpg 300w, https:\/\/smart-living.si\/wp-content\/uploads\/2021\/01\/cropped-01_prva_stran_02_kdo_smo_800x480-768x461.jpg 768w, https:\/\/smart-living.si\/wp-content\/uploads\/2021\/01\/cropped-01_prva_stran_02_kdo_smo_800x480-16x10.jpg 16w\" sizes=\"auto, (max-width: 800px) 100vw, 800px\" \/>\r\n                      <div class=\"h-image__frame h-hide-lg h-hide-md h-hide-sm style-420-frameImage style-local-1030-c11-frameImage\"><\/div>\r\n                    <\/div>\r\n                  <\/div>\r\n                <\/div>\r\n              <\/div>\r\n            <\/div>\r\n          <\/div>\r\n        <\/div>\r\n      <\/div>\r\n    <\/div>\r\n  <\/div>\r\n  <div data-colibri-component=\"section\" data-colibri-id=\"1030-c12\" id=\"content\" class=\"h-section h-section-global-spacing d-flex align-items-lg-center align-items-md-center align-items-center style-421 style-local-1030-c12 position-relative\">\r\n    <!---->\r\n    <!---->\r\n    <div class=\"h-section-grid-container h-section-boxed-container\">\r\n      <!---->\r\n      <div data-colibri-id=\"1030-c13\" class=\"h-row-container gutters-row-lg-2 gutters-row-md-2 gutters-row-2 gutters-row-v-lg-2 gutters-row-v-md-2 gutters-row-v-2 style-422 style-local-1030-c13 position-relative\">\r\n        <!---->\r\n        <div class=\"h-row justify-content-lg-center justify-content-md-center justify-content-center align-items-lg-stretch align-items-md-stretch align-items-stretch gutters-col-lg-2 gutters-col-md-2 gutters-col-2 gutters-col-v-lg-2 gutters-col-v-md-2 gutters-col-v-2\">\r\n          <!---->\r\n          <div class=\"h-column h-column-container d-flex h-col-lg-auto h-col-md-auto h-col-auto style-423-outer style-local-1030-c14-outer\">\r\n            <div data-colibri-id=\"1030-c14\" class=\"d-flex h-flex-basis h-column__inner h-px-lg-0 h-px-md-0 h-px-0 v-inner-lg-0 v-inner-md-0 v-inner-0 style-423 style-local-1030-c14 position-relative\">\r\n              <!---->\r\n              <!---->\r\n              <div class=\"w-100 h-y-container h-column__content h-column__v-align flex-basis-100 align-self-lg-center align-self-md-center align-self-center\">\r\n                <!---->\r\n                <div data-colibri-id=\"1030-c15\" class=\"d-block style-424 style-local-1030-c15 position-relative h-element\">\r\n                  <!---->\r\n                  <div class=\"h-image__frame-container-outer\">\r\n                    <div class=\"h-image__frame-container\">\r\n                      <!---->\r\n                      <!---->\r\n                      <img loading=\"lazy\" decoding=\"async\" width=\"800\" height=\"480\" src=\"https:\/\/smart-living.si\/wp-content\/uploads\/2021\/01\/cropped-01_prva_stran_03_kaj_ponujamo_800x480-1.jpg\" class=\"wp-image-1261 style-424-image style-local-1030-c15-image\" alt=\"\" srcset=\"https:\/\/smart-living.si\/wp-content\/uploads\/2021\/01\/cropped-01_prva_stran_03_kaj_ponujamo_800x480-1.jpg 800w, https:\/\/smart-living.si\/wp-content\/uploads\/2021\/01\/cropped-01_prva_stran_03_kaj_ponujamo_800x480-1-300x180.jpg 300w, https:\/\/smart-living.si\/wp-content\/uploads\/2021\/01\/cropped-01_prva_stran_03_kaj_ponujamo_800x480-1-768x461.jpg 768w, https:\/\/smart-living.si\/wp-content\/uploads\/2021\/01\/cropped-01_prva_stran_03_kaj_ponujamo_800x480-1-16x10.jpg 16w\" sizes=\"auto, (max-width: 800px) 100vw, 800px\" \/>\r\n                      <div class=\"h-image__frame h-image__frame_shadow h-hide-sm style-424-frameImage style-local-1030-c15-frameImage\"><\/div>\r\n                    <\/div>\r\n                  <\/div>\r\n                <\/div>\r\n              <\/div>\r\n            <\/div>\r\n          <\/div>\r\n          <div class=\"h-column h-column-container d-flex h-col-lg-auto h-col-md-auto h-col-auto style-425-outer style-local-1030-c16-outer\">\r\n            <div data-colibri-id=\"1030-c16\" class=\"d-flex h-flex-basis h-column__inner h-px-lg-0 h-px-md-0 h-px-1 v-inner-lg-0 v-inner-md-0 v-inner-1 style-425 style-local-1030-c16 position-relative\">\r\n              <!---->\r\n              <!---->\r\n              <div class=\"w-100 h-y-container h-column__content h-column__v-align flex-basis-100 align-self-lg-center align-self-md-center align-self-center\">\r\n                <!---->\r\n                <div data-colibri-id=\"1030-c17\" class=\"h-global-transition-all h-heading style-446 style-local-1030-c17 position-relative h-element\">\r\n                  <!---->\r\n                  <div class=\"h-heading__outer style-446 style-local-1030-c17\">\r\n                    <!---->\r\n                    <!---->\r\n                    <h5 class=\"\">KAJ PONUJAMO?<\/h5>\r\n                  <\/div>\r\n                <\/div>\r\n                <div data-colibri-id=\"1030-c18\" class=\"h-global-transition-all h-heading style-426 style-local-1030-c18 position-relative h-element\">\r\n                  <!---->\r\n                  <div class=\"h-heading__outer style-426 style-local-1030-c18\">\r\n                    <!---->\r\n                    <!---->\r\n                    <h2 class=\"\">storitev, ki zagotavlja ultimativno udobje bivanja v va\u0161em domu<\/h2>\r\n                  <\/div>\r\n                <\/div>\r\n                <div data-colibri-id=\"1030-c19\" class=\"h-text h-text-component style-427 style-local-1030-c19 position-relative h-element\">\r\n                  <!---->\r\n                  <!---->\r\n                  <div class=\"\">\r\n                    <p><span style=\"color: rgb(70, 112, 127); font-family: &quot;Open Sans&quot;; font-size: 16px; font-weight: 400;\">ponujamo celovito storitev svetovanja, projektiranja, izvedbe in nadzora instalacij na objektu<\/span><\/p>\r\n                  <\/div>\r\n                <\/div>\r\n                <div data-colibri-id=\"1030-c20\" class=\"h-x-container style-428 style-local-1030-c20 position-relative h-element\">\r\n                  <!---->\r\n                  <div class=\"h-x-container-inner style-dynamic-1030-c20-group style-428-spacing style-local-1030-c20-spacing\"><span class=\"h-button__outer style-429-outer style-local-1030-c21-outer d-inline-flex h-element\"><a h-use-smooth-scroll=\"true\" href=\"https:\/\/smart-living.si\/en\/storitve\/\"  data-colibri-id=\"1030-c21\" class=\"d-flex w-100 align-items-center h-button justify-content-lg-center justify-content-md-center justify-content-center style-429 style-local-1030-c21 position-relative\"><!----><!----> <span>IZVEDITE VE\u010c<\/span><\/a>\r\n                    <\/span>\r\n                  <\/div>\r\n                <\/div>\r\n              <\/div>\r\n            <\/div>\r\n          <\/div>\r\n        <\/div>\r\n      <\/div>\r\n    <\/div>\r\n  <\/div>\r\n  <div data-colibri-component=\"section\" data-colibri-id=\"1030-c22\" id=\"content-2\" class=\"h-section h-section-global-spacing d-flex align-items-lg-center align-items-md-center align-items-center style-430 style-local-1030-c22 position-relative\">\r\n    <!---->\r\n    <!---->\r\n    <div class=\"h-section-grid-container h-section-boxed-container\">\r\n      <!---->\r\n      <div data-colibri-id=\"1030-c23\" class=\"h-row-container gutters-row-lg-2 gutters-row-md-2 gutters-row-2 gutters-row-v-lg-2 gutters-row-v-md-2 gutters-row-v-2 style-431 style-local-1030-c23 position-relative\">\r\n        <!---->\r\n        <div class=\"h-row justify-content-lg-center justify-content-md-center justify-content-center align-items-lg-stretch align-items-md-stretch align-items-stretch gutters-col-lg-2 gutters-col-md-2 gutters-col-2 gutters-col-v-lg-2 gutters-col-v-md-2 gutters-col-v-2\">\r\n          <!---->\r\n          <div class=\"h-column h-column-container d-flex h-col-lg-auto h-col-md-auto h-col-auto style-432-outer style-local-1030-c24-outer\">\r\n            <div data-colibri-id=\"1030-c24\" class=\"d-flex h-flex-basis h-column__inner h-px-lg-0 h-px-md-0 h-px-0 v-inner-lg-0 v-inner-md-0 v-inner-0 style-432 style-local-1030-c24 position-relative\">\r\n              <!---->\r\n              <!---->\r\n              <div class=\"w-100 h-y-container h-column__content h-column__v-align flex-basis-100 align-self-lg-center align-self-md-center align-self-center\">\r\n                <!---->\r\n                <div data-colibri-id=\"1030-c25\" class=\"h-global-transition-all h-heading style-447 style-local-1030-c25 position-relative h-element\">\r\n                  <!---->\r\n                  <div class=\"h-heading__outer style-447 style-local-1030-c25\">\r\n                    <!---->\r\n                    <!---->\r\n                    <h5 class=\"\">NA\u0160E POSLANSTVO!<\/h5>\r\n                  <\/div>\r\n                <\/div>\r\n                <div data-colibri-id=\"1030-c26\" class=\"h-global-transition-all h-heading style-433 style-local-1030-c26 position-relative h-element\">\r\n                  <!---->\r\n                  <div class=\"h-heading__outer style-433 style-local-1030-c26\">\r\n                    <!---->\r\n                    <!---->\r\n                    <h2 class=\"\">sodelujemo z drugimi strokovnjaki s podro\u010dja elektroinstalacij<\/h2>\r\n                  <\/div>\r\n                <\/div>\r\n                <div data-colibri-id=\"1030-c27\" class=\"h-text h-text-component style-434 style-local-1030-c27 position-relative h-element\">\r\n                  <!---->\r\n                  <!---->\r\n                  <div class=\"\">\r\n                    <p>da vam zagotovimo ultimativno individualno re\u0161itev za va\u0161e maksimalno udobje bivanja.<\/p>\r\n                  <\/div>\r\n                <\/div>\r\n                <div data-colibri-id=\"1030-c28\" class=\"h-x-container style-435 style-local-1030-c28 position-relative h-element\">\r\n                  <!---->\r\n                  <div class=\"h-x-container-inner style-dynamic-1030-c28-group style-435-spacing style-local-1030-c28-spacing\"><span class=\"h-button__outer style-436-outer style-local-1030-c29-outer d-inline-flex h-element\"><a h-use-smooth-scroll=\"true\" href=\"https:\/\/smart-living.si\/en\/storitve\/\"  data-colibri-id=\"1030-c29\" class=\"d-flex w-100 align-items-center h-button justify-content-lg-center justify-content-md-center justify-content-center style-436 style-local-1030-c29 position-relative\"><!----><!----> <span>IZVEDITE VE\u010c<\/span><\/a>\r\n                    <\/span>\r\n                  <\/div>\r\n                <\/div>\r\n              <\/div>\r\n            <\/div>\r\n          <\/div>\r\n          <div class=\"h-column h-column-container d-flex h-col-lg-auto h-col-md-auto h-col-auto style-437-outer style-local-1030-c30-outer\">\r\n            <div data-colibri-id=\"1030-c30\" class=\"d-flex h-flex-basis h-column__inner h-px-lg-0 h-px-md-0 h-px-0 v-inner-lg-0 v-inner-md-0 v-inner-0 style-437 style-local-1030-c30 position-relative\">\r\n              <!---->\r\n              <!---->\r\n              <div class=\"w-100 h-y-container h-column__content h-column__v-align flex-basis-100 align-self-lg-center align-self-md-center align-self-center\">\r\n                <!---->\r\n                <div data-colibri-id=\"1030-c31\" class=\"d-block style-438 style-local-1030-c31 position-relative h-element\">\r\n                  <!---->\r\n                  <div class=\"h-image__frame-container-outer\">\r\n                    <div class=\"h-image__frame-container\">\r\n                      <!---->\r\n                      <!---->\r\n                      <img loading=\"lazy\" decoding=\"async\" width=\"800\" height=\"480\" src=\"https:\/\/smart-living.si\/wp-content\/uploads\/2021\/01\/cropped-01_prva_stran_04_nase_poslanstvo_800x480-1.jpg\" class=\"wp-image-1262 style-438-image style-local-1030-c31-image\" alt=\"\" srcset=\"https:\/\/smart-living.si\/wp-content\/uploads\/2021\/01\/cropped-01_prva_stran_04_nase_poslanstvo_800x480-1.jpg 800w, https:\/\/smart-living.si\/wp-content\/uploads\/2021\/01\/cropped-01_prva_stran_04_nase_poslanstvo_800x480-1-300x180.jpg 300w, https:\/\/smart-living.si\/wp-content\/uploads\/2021\/01\/cropped-01_prva_stran_04_nase_poslanstvo_800x480-1-768x461.jpg 768w, https:\/\/smart-living.si\/wp-content\/uploads\/2021\/01\/cropped-01_prva_stran_04_nase_poslanstvo_800x480-1-16x10.jpg 16w\" sizes=\"auto, (max-width: 800px) 100vw, 800px\" \/>\r\n                      <div class=\"h-image__frame h-image__frame_shadow h-hide-sm style-438-frameImage style-local-1030-c31-frameImage\"><\/div>\r\n                    <\/div>\r\n                  <\/div>\r\n                <\/div>\r\n              <\/div>\r\n            <\/div>\r\n          <\/div>\r\n        <\/div>\r\n      <\/div>\r\n    <\/div>\r\n  <\/div>\r\n  <div data-colibri-component=\"section\" data-colibri-id=\"1030-c32\" id=\"custom-2\" class=\"h-section h-section-global-spacing d-flex align-items-lg-center align-items-md-center align-items-center style-829 style-local-1030-c32 position-relative\">\r\n    <!---->\r\n    <!---->\r\n    <div class=\"h-section-grid-container h-section-boxed-container\">\r\n      <!---->\r\n      <div data-colibri-id=\"1030-c33\" class=\"h-row-container gutters-row-lg-2 gutters-row-md-2 gutters-row-0 gutters-row-v-lg-2 gutters-row-v-md-2 gutters-row-v-2 style-830 style-local-1030-c33 position-relative\">\r\n        <!---->\r\n        <div class=\"h-row justify-content-lg-center justify-content-md-center justify-content-center align-items-lg-stretch align-items-md-stretch align-items-stretch gutters-col-lg-2 gutters-col-md-2 gutters-col-0 gutters-col-v-lg-2 gutters-col-v-md-2 gutters-col-v-2\">\r\n          <!---->\r\n          <div class=\"h-column h-column-container d-flex h-col-lg-auto h-col-md-auto h-col-auto style-831-outer style-local-1030-c34-outer\">\r\n            <div data-colibri-id=\"1030-c34\" class=\"d-flex h-flex-basis h-column__inner h-ui-empty-state-container h-px-lg-2 h-px-md-2 h-px-2 v-inner-lg-2 v-inner-md-2 v-inner-2 style-831 style-local-1030-c34 position-relative\">\r\n              <!---->\r\n              <!---->\r\n              <div class=\"w-100 h-y-container h-column__content h-column__v-align flex-basis-100\">\r\n                <!---->\r\n              <\/div>\r\n            <\/div>\r\n          <\/div>\r\n          <div class=\"h-column h-column-container d-flex h-col-lg-auto h-col-md-auto h-col-auto style-832-outer style-local-1030-c35-outer\">\r\n            <div data-colibri-id=\"1030-c35\" class=\"d-flex h-flex-basis h-column__inner h-ui-empty-state-container h-px-lg-2 h-px-md-2 h-px-2 v-inner-lg-2 v-inner-md-2 v-inner-2 style-832 style-local-1030-c35 position-relative\">\r\n              <!---->\r\n              <!---->\r\n              <div class=\"w-100 h-y-container h-column__content h-column__v-align flex-basis-100\">\r\n                <!---->\r\n              <\/div>\r\n            <\/div>\r\n          <\/div>\r\n        <\/div>\r\n      <\/div>\r\n    <\/div>\r\n  <\/div>\r\n  <div data-colibri-component=\"section\" data-colibri-id=\"1030-c36\" id=\"cta\" class=\"h-section h-section-global-spacing d-flex align-items-lg-center align-items-md-center align-items-center style-439 style-local-1030-c36 position-relative\">\r\n    <div class=\"background-wrapper\">\r\n      <div class=\"background-layer background-layer-media-container-lg\">\r\n        <!---->\r\n        <div class=\"overlay-layer\">\r\n          <div class=\"overlay-image-layer\" style=\"background-color: rgb(0, 0, 0); opacity: 0.6;\"><\/div>\r\n        <\/div>\r\n      <\/div>\r\n      <div class=\"background-layer background-layer-media-container-md\">\r\n        <!---->\r\n        <div class=\"overlay-layer\">\r\n          <div class=\"overlay-image-layer\" style=\"background-color: rgb(0, 0, 0); opacity: 0.6;\"><\/div>\r\n        <\/div>\r\n      <\/div>\r\n      <div class=\"background-layer background-layer-media-container\">\r\n        <!---->\r\n        <div class=\"overlay-layer\">\r\n          <div class=\"overlay-image-layer\" style=\"background-color: rgb(0, 0, 0); opacity: 0.6;\"><\/div>\r\n        <\/div>\r\n      <\/div>\r\n    <\/div>\r\n    <!---->\r\n    <div class=\"h-section-grid-container h-section-boxed-container\">\r\n      <!---->\r\n      <div data-colibri-id=\"1030-c37\" class=\"h-row-container gutters-row-lg-2 gutters-row-md-2 gutters-row-0 gutters-row-v-lg-2 gutters-row-v-md-2 gutters-row-v-2 style-440 style-local-1030-c37 position-relative\">\r\n        <!---->\r\n        <div class=\"h-row justify-content-lg-center justify-content-md-center justify-content-center align-items-lg-stretch align-items-md-stretch align-items-stretch gutters-col-lg-2 gutters-col-md-2 gutters-col-0 gutters-col-v-lg-2 gutters-col-v-md-2 gutters-col-v-2\">\r\n          <!---->\r\n          <div class=\"h-column h-column-container d-flex h-col-lg-auto h-col-md-auto h-col-auto style-441-outer style-local-1030-c38-outer\">\r\n            <div data-colibri-id=\"1030-c38\" class=\"d-flex h-flex-basis h-column__inner h-px-lg-2 h-px-md-2 h-px-2 v-inner-lg-2 v-inner-md-2 v-inner-2 style-441 style-local-1030-c38 position-relative\">\r\n              <!---->\r\n              <!---->\r\n              <div class=\"w-100 h-y-container h-column__content h-column__v-align flex-basis-100 align-self-lg-start align-self-md-start align-self-start\">\r\n                <!---->\r\n                <div data-colibri-id=\"1030-c39\" class=\"h-global-transition-all h-heading style-442 style-local-1030-c39 position-relative h-element\">\r\n                  <!---->\r\n                  <div class=\"h-heading__outer style-442 style-local-1030-c39\">\r\n                    <!---->\r\n                    <!---->\r\n                    <h3 class=\"\">Veselimo se va\u0161ega klica!<\/h3>\r\n                  <\/div>\r\n                <\/div>\r\n                <div data-colibri-id=\"1030-c40\" class=\"h-lead h-text h-text-component style-443 style-local-1030-c40 position-relative h-element\">\r\n                  <!---->\r\n                  <!---->\r\n                  <div class=\"\">\r\n                    <p>Lahko nas kontaktirate po telefonu: +386 40 321 891 ali preko elektronske po\u0161te: info@smart-living.si<\/p>\r\n                  <\/div>\r\n                <\/div>\r\n                <div data-colibri-id=\"1030-c41\" class=\"h-x-container style-444 style-local-1030-c41 position-relative h-element\">\r\n                  <!---->\r\n                  <div class=\"h-x-container-inner style-dynamic-1030-c41-group style-444-spacing style-local-1030-c41-spacing\"><span class=\"h-button__outer style-445-outer style-local-1030-c42-outer d-inline-flex h-element\"><a h-use-smooth-scroll=\"true\" href=\"https:\/\/smart-living.si\/en\/contact\/\"  data-colibri-id=\"1030-c42\" class=\"d-flex w-100 align-items-center h-button justify-content-lg-center justify-content-md-center justify-content-center style-445 style-local-1030-c42 position-relative\"><!----><!----> <span>KONTAKT<\/span><\/a>\r\n                    <\/span>\r\n                  <\/div>\r\n                <\/div>\r\n              <\/div>\r\n            <\/div>\r\n          <\/div>\r\n        <\/div>\r\n      <\/div>\r\n    <\/div>\r\n  <\/div>\r\n<\/div>","protected":false},"excerpt":{"rendered":"<p>KDO SMO? podjetje z ve\u010dletno tradicijo in ekipo izku\u0161enih ter visoko usposobljenih strokovnjakov z ve\u010dletnimi izku\u0161njami s podro\u010dja projektive, izvedbe in nadzora elektroinstalacij na zahtevnih objektih KONTAKT KAJ PONUJAMO? storitev, ki zagotavlja ultimativno udobje bivanja v va\u0161em domu ponujamo celovito storitev svetovanja, projektiranja, izvedbe in nadzora instalacij na objektu IZVEDITE VE\u010c NA\u0160E POSLANSTVO! sodelujemo z [&hellip;]<\/p>\n","protected":false},"author":1,"featured_media":0,"parent":0,"menu_order":0,"comment_status":"closed","ping_status":"closed","template":"page-templates\/homepage.php","meta":{"footnotes":""},"class_list":["post-1030","page","type-page","status-publish","hentry"],"_links":{"self":[{"href":"https:\/\/smart-living.si\/en\/wp-json\/wp\/v2\/pages\/1030","targetHints":{"allow":["GET"]}}],"collection":[{"href":"https:\/\/smart-living.si\/en\/wp-json\/wp\/v2\/pages"}],"about":[{"href":"https:\/\/smart-living.si\/en\/wp-json\/wp\/v2\/types\/page"}],"author":[{"embeddable":true,"href":"https:\/\/smart-living.si\/en\/wp-json\/wp\/v2\/users\/1"}],"replies":[{"embeddable":true,"href":"https:\/\/smart-living.si\/en\/wp-json\/wp\/v2\/comments?post=1030"}],"version-history":[{"count":20,"href":"https:\/\/smart-living.si\/en\/wp-json\/wp\/v2\/pages\/1030\/revisions"}],"predecessor-version":[{"id":1497,"href":"https:\/\/smart-living.si\/en\/wp-json\/wp\/v2\/pages\/1030\/revisions\/1497"}],"wp:attachment":[{"href":"https:\/\/smart-living.si\/en\/wp-json\/wp\/v2\/media?parent=1030"}],"curies":[{"name":"wp","href":"https:\/\/api.w.org\/{rel}","templated":true}]}}